{"id":1535,"date":"2013-01-20T23:27:10","date_gmt":"2013-01-20T21:27:10","guid":{"rendered":"http:\/\/peyamigurel.com\/?page_id=1535"},"modified":"2024-08-05T21:42:26","modified_gmt":"2024-08-05T18:42:26","slug":"iletisim","status":"publish","type":"page","link":"https:\/\/peyamigurel.com\/index.php\/iletisim\/","title":{"rendered":"ileti\u015fim"},"content":{"rendered":"\n<p><strong>B\u0130LG\u0130 VE RANDEVU \u0130\u00c7\u0130N:<\/strong><\/p>\n\n\n\n<p><strong>Tel: 0538 0640918<\/strong><\/p>\n\n\n\n<p><a href=\"mailto:sahinulukanligil@gmail.com\">e mail: sahinulukanligil@gmail.com<\/a><\/p>\n\n\n\n<p><\/p>\n","protected":false},"excerpt":{"rendered":"<p>B\u0130LG\u0130 VE RANDEVU \u0130\u00c7\u0130N: Tel: 0538 0640918 e mail: sahinulukanligil@gmail.com<\/p>\n","protected":false},"author":1,"featured_media":0,"parent":0,"menu_order":0,"comment_status":"closed","ping_status":"closed","template":"","meta":{"neve_meta_sidebar":"","neve_meta_container":"","neve_meta_enable_content_width":"","neve_meta_content_width":0,"neve_meta_title_alignment":"","neve_meta_author_avatar":"","neve_post_elements_order":"","neve_meta_disable_header":"","neve_meta_disable_footer":"","neve_meta_disable_title":"","footnotes":""},"class_list":["post-1535","page","type-page","status-publish","hentry"],"yoast_head":"<!-- This site is optimized with the Yoast SEO plugin v27.4 - https:\/\/yoast.com\/product\/yoast-seo-wordpress\/ -->\n<title>ileti\u015fim - Peyami G\u00fcrel<\/title>\n<meta name=\"robots\" content=\"index, follow, max-snippet:-1, max-image-preview:large, max-video-preview:-1\" \/>\n<link rel=\"canonical\" href=\"https:\/\/peyamigurel.com\/index.php\/iletisim\/\" \/>\n<meta property=\"og:locale\" content=\"tr_TR\" \/>\n<meta property=\"og:type\" content=\"article\" \/>\n<meta property=\"og:title\" content=\"ileti\u015fim - Peyami G\u00fcrel\" \/>\n<meta property=\"og:description\" content=\"B\u0130LG\u0130 VE RANDEVU \u0130\u00c7\u0130N: Tel: 0538 0640918 e mail: sahinulukanligil@gmail.com\" \/>\n<meta property=\"og:url\" content=\"https:\/\/peyamigurel.com\/index.php\/iletisim\/\" \/>\n<meta property=\"og:site_name\" content=\"Peyami G\u00fcrel\" \/>\n<meta property=\"article:modified_time\" content=\"2024-08-05T18:42:26+00:00\" \/>\n<meta name=\"twitter:label1\" content=\"Tahmini okuma s\u00fcresi\" \/>\n\t<meta name=\"twitter:data1\" content=\"1 dakika\" \/>\n<script type=\"application\/ld+json\" class=\"yoast-schema-graph\">{\"@context\":\"https:\\\/\\\/schema.org\",\"@graph\":[{\"@type\":\"WebPage\",\"@id\":\"https:\\\/\\\/peyamigurel.com\\\/index.php\\\/iletisim\\\/\",\"url\":\"https:\\\/\\\/peyamigurel.com\\\/index.php\\\/iletisim\\\/\",\"name\":\"ileti\u015fim - Peyami G\u00fcrel\",\"isPartOf\":{\"@id\":\"https:\\\/\\\/peyamigurel.com\\\/#website\"},\"datePublished\":\"2013-01-20T21:27:10+00:00\",\"dateModified\":\"2024-08-05T18:42:26+00:00\",\"breadcrumb\":{\"@id\":\"https:\\\/\\\/peyamigurel.com\\\/index.php\\\/iletisim\\\/#breadcrumb\"},\"inLanguage\":\"tr\",\"potentialAction\":[{\"@type\":\"ReadAction\",\"target\":[\"https:\\\/\\\/peyamigurel.com\\\/index.php\\\/iletisim\\\/\"]}]},{\"@type\":\"BreadcrumbList\",\"@id\":\"https:\\\/\\\/peyamigurel.com\\\/index.php\\\/iletisim\\\/#breadcrumb\",\"itemListElement\":[{\"@type\":\"ListItem\",\"position\":1,\"name\":\"Home\",\"item\":\"https:\\\/\\\/peyamigurel.com\\\/\"},{\"@type\":\"ListItem\",\"position\":2,\"name\":\"ileti\u015fim\"}]},{\"@type\":\"WebSite\",\"@id\":\"https:\\\/\\\/peyamigurel.com\\\/#website\",\"url\":\"https:\\\/\\\/peyamigurel.com\\\/\",\"name\":\"Peyami G\u00fcrel\",\"description\":\"\",\"publisher\":{\"@id\":\"https:\\\/\\\/peyamigurel.com\\\/#\\\/schema\\\/person\\\/b62965aa15e2284090d2f7a61bf8e3cf\"},\"potentialAction\":[{\"@type\":\"SearchAction\",\"target\":{\"@type\":\"EntryPoint\",\"urlTemplate\":\"https:\\\/\\\/peyamigurel.com\\\/?s={search_term_string}\"},\"query-input\":{\"@type\":\"PropertyValueSpecification\",\"valueRequired\":true,\"valueName\":\"search_term_string\"}}],\"inLanguage\":\"tr\"},{\"@type\":[\"Person\",\"Organization\"],\"@id\":\"https:\\\/\\\/peyamigurel.com\\\/#\\\/schema\\\/person\\\/b62965aa15e2284090d2f7a61bf8e3cf\",\"name\":\"peyami\",\"image\":{\"@type\":\"ImageObject\",\"inLanguage\":\"tr\",\"@id\":\"https:\\\/\\\/peyamigurel.com\\\/wp-content\\\/uploads\\\/cropped-peyami-gurel-logo021-4.png\",\"url\":\"https:\\\/\\\/peyamigurel.com\\\/wp-content\\\/uploads\\\/cropped-peyami-gurel-logo021-4.png\",\"contentUrl\":\"https:\\\/\\\/peyamigurel.com\\\/wp-content\\\/uploads\\\/cropped-peyami-gurel-logo021-4.png\",\"width\":423,\"height\":124,\"caption\":\"peyami\"},\"logo\":{\"@id\":\"https:\\\/\\\/peyamigurel.com\\\/wp-content\\\/uploads\\\/cropped-peyami-gurel-logo021-4.png\"},\"sameAs\":[\"https:\\\/\\\/www.instagram.com\\\/peyamigurel\"]}]}<\/script>\n<!-- \/ Yoast SEO plugin. -->","yoast_head_json":{"title":"ileti\u015fim - Peyami G\u00fcrel","robots":{"index":"index","follow":"follow","max-snippet":"max-snippet:-1","max-image-preview":"max-image-preview:large","max-video-preview":"max-video-preview:-1"},"canonical":"https:\/\/peyamigurel.com\/index.php\/iletisim\/","og_locale":"tr_TR","og_type":"article","og_title":"ileti\u015fim - Peyami G\u00fcrel","og_description":"B\u0130LG\u0130 VE RANDEVU \u0130\u00c7\u0130N: Tel: 0538 0640918 e mail: sahinulukanligil@gmail.com","og_url":"https:\/\/peyamigurel.com\/index.php\/iletisim\/","og_site_name":"Peyami G\u00fcrel","article_modified_time":"2024-08-05T18:42:26+00:00","twitter_misc":{"Tahmini okuma s\u00fcresi":"1 dakika"},"schema":{"@context":"https:\/\/schema.org","@graph":[{"@type":"WebPage","@id":"https:\/\/peyamigurel.com\/index.php\/iletisim\/","url":"https:\/\/peyamigurel.com\/index.php\/iletisim\/","name":"ileti\u015fim - Peyami G\u00fcrel","isPartOf":{"@id":"https:\/\/peyamigurel.com\/#website"},"datePublished":"2013-01-20T21:27:10+00:00","dateModified":"2024-08-05T18:42:26+00:00","breadcrumb":{"@id":"https:\/\/peyamigurel.com\/index.php\/iletisim\/#breadcrumb"},"inLanguage":"tr","potentialAction":[{"@type":"ReadAction","target":["https:\/\/peyamigurel.com\/index.php\/iletisim\/"]}]},{"@type":"BreadcrumbList","@id":"https:\/\/peyamigurel.com\/index.php\/iletisim\/#breadcrumb","itemListElement":[{"@type":"ListItem","position":1,"name":"Home","item":"https:\/\/peyamigurel.com\/"},{"@type":"ListItem","position":2,"name":"ileti\u015fim"}]},{"@type":"WebSite","@id":"https:\/\/peyamigurel.com\/#website","url":"https:\/\/peyamigurel.com\/","name":"Peyami G\u00fcrel","description":"","publisher":{"@id":"https:\/\/peyamigurel.com\/#\/schema\/person\/b62965aa15e2284090d2f7a61bf8e3cf"},"potentialAction":[{"@type":"SearchAction","target":{"@type":"EntryPoint","urlTemplate":"https:\/\/peyamigurel.com\/?s={search_term_string}"},"query-input":{"@type":"PropertyValueSpecification","valueRequired":true,"valueName":"search_term_string"}}],"inLanguage":"tr"},{"@type":["Person","Organization"],"@id":"https:\/\/peyamigurel.com\/#\/schema\/person\/b62965aa15e2284090d2f7a61bf8e3cf","name":"peyami","image":{"@type":"ImageObject","inLanguage":"tr","@id":"https:\/\/peyamigurel.com\/wp-content\/uploads\/cropped-peyami-gurel-logo021-4.png","url":"https:\/\/peyamigurel.com\/wp-content\/uploads\/cropped-peyami-gurel-logo021-4.png","contentUrl":"https:\/\/peyamigurel.com\/wp-content\/uploads\/cropped-peyami-gurel-logo021-4.png","width":423,"height":124,"caption":"peyami"},"logo":{"@id":"https:\/\/peyamigurel.com\/wp-content\/uploads\/cropped-peyami-gurel-logo021-4.png"},"sameAs":["https:\/\/www.instagram.com\/peyamigurel"]}]}},"_links":{"self":[{"href":"https:\/\/peyamigurel.com\/index.php\/wp-json\/wp\/v2\/pages\/1535","targetHints":{"allow":["GET"]}}],"collection":[{"href":"https:\/\/peyamigurel.com\/index.php\/wp-json\/wp\/v2\/pages"}],"about":[{"href":"https:\/\/peyamigurel.com\/index.php\/wp-json\/wp\/v2\/types\/page"}],"author":[{"embeddable":true,"href":"https:\/\/peyamigurel.com\/index.php\/wp-json\/wp\/v2\/users\/1"}],"replies":[{"embeddable":true,"href":"https:\/\/peyamigurel.com\/index.php\/wp-json\/wp\/v2\/comments?post=1535"}],"version-history":[{"count":13,"href":"https:\/\/peyamigurel.com\/index.php\/wp-json\/wp\/v2\/pages\/1535\/revisions"}],"predecessor-version":[{"id":14538,"href":"https:\/\/peyamigurel.com\/index.php\/wp-json\/wp\/v2\/pages\/1535\/revisions\/14538"}],"wp:attachment":[{"href":"https:\/\/peyamigurel.com\/index.php\/wp-json\/wp\/v2\/media?parent=1535"}],"curies":[{"name":"wp","href":"https:\/\/api.w.org\/{rel}","templated":true}]}}