{"id":2651,"date":"2015-01-08T17:51:19","date_gmt":"2015-01-08T15:51:19","guid":{"rendered":"http:\/\/peyamigurel.com\/?page_id=2651"},"modified":"2024-08-05T21:39:58","modified_gmt":"2024-08-05T18:39:58","slug":"2651-2","status":"publish","type":"page","link":"https:\/\/peyamigurel.com\/","title":{"rendered":""},"content":{"rendered":"\n<div style=\"height:20px\" aria-hidden=\"true\" class=\"wp-block-spacer\"><\/div>\n\n\n\n<figure class=\"wp-block-image size-large is-resized\"><img loading=\"lazy\" decoding=\"async\" width=\"1024\" height=\"616\" src=\"https:\/\/peyamigurel.com\/wp-content\/uploads\/peyami-gurel-home-01-1024x616.jpg\" alt=\"\" class=\"wp-image-13600\" style=\"object-fit:cover;width:1417px;height:500px\" srcset=\"https:\/\/peyamigurel.com\/wp-content\/uploads\/peyami-gurel-home-01-1024x616.jpg 1024w, https:\/\/peyamigurel.com\/wp-content\/uploads\/peyami-gurel-home-01-300x180.jpg 300w, https:\/\/peyamigurel.com\/wp-content\/uploads\/peyami-gurel-home-01-768x462.jpg 768w, https:\/\/peyamigurel.com\/wp-content\/uploads\/peyami-gurel-home-01.jpg 1417w\" sizes=\"auto, (max-width: 1024px) 100vw, 1024px\" \/><\/figure>\n\n\n\n<div style=\"height:20px\" aria-hidden=\"true\" class=\"wp-block-spacer\"><\/div>\n\n\n\n<p class=\"has-text-align-center\">Postmodern tav\u0131r \u201cHer \u015fey sanat i\u00e7erir\u201d der. Her ne kadar kendisi sanat\u0131n end\u00fcstrile\u015fmesine kar\u015f\u0131 bir tav\u0131r olarak \u00e7\u0131km\u0131\u015f olsa da bug\u00fcn gelinen noktada kendisi de kar\u015f\u0131 \u00e7\u0131kt\u0131\u011f\u0131 yola tabi olmu\u015ftur. Dolay\u0131s\u0131yla postmodernizm, modernle\u015fmeye ba\u015flayarak kendini yok etmektedir. Oysa g\u00fczelli\u011fi ay\u0131rt etmek bir ihtiya\u00e7t\u0131r ve g\u00fczel olan\u0131n samimiyeti b\u00fct\u00fcn d\u00f6nemlerde ortadad\u0131r.<\/p>\n\n\n\n<p class=\"has-text-align-center\"><a href=\"https:\/\/peyamigurel.net\/\" target=\"_blank\" rel=\"noreferrer noopener\">English<\/a><\/p>\n","protected":false},"excerpt":{"rendered":"<p>Postmodern tav\u0131r \u201cHer \u015fey sanat i\u00e7erir\u201d der. Her ne kadar kendisi sanat\u0131n end\u00fcstrile\u015fmesine kar\u015f\u0131 bir tav\u0131r olarak \u00e7\u0131km\u0131\u015f olsa da bug\u00fcn gelinen noktada kendisi de kar\u015f\u0131 \u00e7\u0131kt\u0131\u011f\u0131 yola tabi olmu\u015ftur. Dolay\u0131s\u0131yla postmodernizm, modernle\u015fmeye ba\u015flayarak kendini yok etmektedir. Oysa g\u00fczelli\u011fi ay\u0131rt etmek bir ihtiya\u00e7t\u0131r ve g\u00fczel olan\u0131n samimiyeti b\u00fct\u00fcn d\u00f6nemlerde ortadad\u0131r. English<\/p>\n","protected":false},"author":1,"featured_media":0,"parent":0,"menu_order":0,"comment_status":"closed","ping_status":"closed","template":"","meta":{"neve_meta_sidebar":"","neve_meta_container":"","neve_meta_enable_content_width":"","neve_meta_content_width":0,"neve_meta_title_alignment":"","neve_meta_author_avatar":"","neve_post_elements_order":"","neve_meta_disable_header":"","neve_meta_disable_footer":"","neve_meta_disable_title":"","footnotes":""},"class_list":["post-2651","page","type-page","status-publish","hentry"],"yoast_head":"<!-- This site is optimized with the Yoast SEO plugin v27.3 - https:\/\/yoast.com\/product\/yoast-seo-wordpress\/ -->\n<title>Peyami G\u00fcrel hakk\u0131nda bilgiler ve eserleri (kronolojik s\u0131ra)<\/title>\n<meta name=\"description\" content=\"Peyami G\u00fcrel. T\u00fcm zamanlar i\u00e7in g\u00fczellik, zerafet ve derinlik ana eksendir! Postmodern tav\u0131r Her \u015fey sanat i\u00e7erir der. Her ne kadar kendisi programlanm\u0131\u015f\" \/>\n<meta name=\"robots\" content=\"index, follow, max-snippet:-1, max-image-preview:large, max-video-preview:-1\" \/>\n<link rel=\"canonical\" href=\"https:\/\/peyamigurel.com\/\" \/>\n<meta property=\"og:locale\" content=\"tr_TR\" \/>\n<meta property=\"og:type\" content=\"article\" \/>\n<meta property=\"og:title\" content=\"Peyami G\u00fcrel hakk\u0131nda bilgiler ve eserleri (kronolojik s\u0131ra)\" \/>\n<meta property=\"og:description\" content=\"Peyami G\u00fcrel. T\u00fcm zamanlar i\u00e7in g\u00fczellik, zerafet ve derinlik ana eksendir! Postmodern tav\u0131r Her \u015fey sanat i\u00e7erir der. Her ne kadar kendisi programlanm\u0131\u015f\" \/>\n<meta property=\"og:url\" content=\"https:\/\/peyamigurel.com\/\" \/>\n<meta property=\"og:site_name\" content=\"Peyami G\u00fcrel\" \/>\n<meta property=\"article:modified_time\" content=\"2024-08-05T18:39:58+00:00\" \/>\n<meta property=\"og:image\" content=\"https:\/\/peyamigurel.com\/wp-content\/uploads\/peyami-gurel-home-01-1024x616.jpg\" \/>\n<meta name=\"twitter:label1\" content=\"Tahmini okuma s\u00fcresi\" \/>\n\t<meta name=\"twitter:data1\" content=\"1 dakika\" \/>\n<script type=\"application\/ld+json\" class=\"yoast-schema-graph\">{\"@context\":\"https:\\\/\\\/schema.org\",\"@graph\":[{\"@type\":\"WebPage\",\"@id\":\"https:\\\/\\\/peyamigurel.com\\\/\",\"url\":\"https:\\\/\\\/peyamigurel.com\\\/\",\"name\":\"Peyami G\u00fcrel hakk\u0131nda bilgiler ve eserleri (kronolojik s\u0131ra)\",\"isPartOf\":{\"@id\":\"https:\\\/\\\/peyamigurel.com\\\/#website\"},\"primaryImageOfPage\":{\"@id\":\"https:\\\/\\\/peyamigurel.com\\\/#primaryimage\"},\"image\":{\"@id\":\"https:\\\/\\\/peyamigurel.com\\\/#primaryimage\"},\"thumbnailUrl\":\"https:\\\/\\\/peyamigurel.com\\\/wp-content\\\/uploads\\\/peyami-gurel-home-01-1024x616.jpg\",\"datePublished\":\"2015-01-08T15:51:19+00:00\",\"dateModified\":\"2024-08-05T18:39:58+00:00\",\"description\":\"Peyami G\u00fcrel. T\u00fcm zamanlar i\u00e7in g\u00fczellik, zerafet ve derinlik ana eksendir! Postmodern tav\u0131r Her \u015fey sanat i\u00e7erir der. Her ne kadar kendisi programlanm\u0131\u015f\",\"inLanguage\":\"tr\",\"potentialAction\":[{\"@type\":\"ReadAction\",\"target\":[\"https:\\\/\\\/peyamigurel.com\\\/\"]}]},{\"@type\":\"ImageObject\",\"inLanguage\":\"tr\",\"@id\":\"https:\\\/\\\/peyamigurel.com\\\/#primaryimage\",\"url\":\"https:\\\/\\\/peyamigurel.com\\\/wp-content\\\/uploads\\\/peyami-gurel-home-01.jpg\",\"contentUrl\":\"https:\\\/\\\/peyamigurel.com\\\/wp-content\\\/uploads\\\/peyami-gurel-home-01.jpg\",\"width\":1417,\"height\":852},{\"@type\":\"WebSite\",\"@id\":\"https:\\\/\\\/peyamigurel.com\\\/#website\",\"url\":\"https:\\\/\\\/peyamigurel.com\\\/\",\"name\":\"Peyami G\u00fcrel\",\"description\":\"\",\"publisher\":{\"@id\":\"https:\\\/\\\/peyamigurel.com\\\/#\\\/schema\\\/person\\\/b62965aa15e2284090d2f7a61bf8e3cf\"},\"potentialAction\":[{\"@type\":\"SearchAction\",\"target\":{\"@type\":\"EntryPoint\",\"urlTemplate\":\"https:\\\/\\\/peyamigurel.com\\\/?s={search_term_string}\"},\"query-input\":{\"@type\":\"PropertyValueSpecification\",\"valueRequired\":true,\"valueName\":\"search_term_string\"}}],\"inLanguage\":\"tr\"},{\"@type\":[\"Person\",\"Organization\"],\"@id\":\"https:\\\/\\\/peyamigurel.com\\\/#\\\/schema\\\/person\\\/b62965aa15e2284090d2f7a61bf8e3cf\",\"name\":\"peyami\",\"image\":{\"@type\":\"ImageObject\",\"inLanguage\":\"tr\",\"@id\":\"https:\\\/\\\/peyamigurel.com\\\/wp-content\\\/uploads\\\/cropped-peyami-gurel-logo021-4.png\",\"url\":\"https:\\\/\\\/peyamigurel.com\\\/wp-content\\\/uploads\\\/cropped-peyami-gurel-logo021-4.png\",\"contentUrl\":\"https:\\\/\\\/peyamigurel.com\\\/wp-content\\\/uploads\\\/cropped-peyami-gurel-logo021-4.png\",\"width\":423,\"height\":124,\"caption\":\"peyami\"},\"logo\":{\"@id\":\"https:\\\/\\\/peyamigurel.com\\\/wp-content\\\/uploads\\\/cropped-peyami-gurel-logo021-4.png\"},\"sameAs\":[\"https:\\\/\\\/www.instagram.com\\\/peyamigurel\"]}]}<\/script>\n<!-- \/ Yoast SEO plugin. -->","yoast_head_json":{"title":"Peyami G\u00fcrel hakk\u0131nda bilgiler ve eserleri (kronolojik s\u0131ra)","description":"Peyami G\u00fcrel. T\u00fcm zamanlar i\u00e7in g\u00fczellik, zerafet ve derinlik ana eksendir! Postmodern tav\u0131r Her \u015fey sanat i\u00e7erir der. Her ne kadar kendisi programlanm\u0131\u015f","robots":{"index":"index","follow":"follow","max-snippet":"max-snippet:-1","max-image-preview":"max-image-preview:large","max-video-preview":"max-video-preview:-1"},"canonical":"https:\/\/peyamigurel.com\/","og_locale":"tr_TR","og_type":"article","og_title":"Peyami G\u00fcrel hakk\u0131nda bilgiler ve eserleri (kronolojik s\u0131ra)","og_description":"Peyami G\u00fcrel. T\u00fcm zamanlar i\u00e7in g\u00fczellik, zerafet ve derinlik ana eksendir! Postmodern tav\u0131r Her \u015fey sanat i\u00e7erir der. Her ne kadar kendisi programlanm\u0131\u015f","og_url":"https:\/\/peyamigurel.com\/","og_site_name":"Peyami G\u00fcrel","article_modified_time":"2024-08-05T18:39:58+00:00","og_image":[{"url":"https:\/\/peyamigurel.com\/wp-content\/uploads\/peyami-gurel-home-01-1024x616.jpg","type":"","width":"","height":""}],"twitter_misc":{"Tahmini okuma s\u00fcresi":"1 dakika"},"schema":{"@context":"https:\/\/schema.org","@graph":[{"@type":"WebPage","@id":"https:\/\/peyamigurel.com\/","url":"https:\/\/peyamigurel.com\/","name":"Peyami G\u00fcrel hakk\u0131nda bilgiler ve eserleri (kronolojik s\u0131ra)","isPartOf":{"@id":"https:\/\/peyamigurel.com\/#website"},"primaryImageOfPage":{"@id":"https:\/\/peyamigurel.com\/#primaryimage"},"image":{"@id":"https:\/\/peyamigurel.com\/#primaryimage"},"thumbnailUrl":"https:\/\/peyamigurel.com\/wp-content\/uploads\/peyami-gurel-home-01-1024x616.jpg","datePublished":"2015-01-08T15:51:19+00:00","dateModified":"2024-08-05T18:39:58+00:00","description":"Peyami G\u00fcrel. T\u00fcm zamanlar i\u00e7in g\u00fczellik, zerafet ve derinlik ana eksendir! Postmodern tav\u0131r Her \u015fey sanat i\u00e7erir der. Her ne kadar kendisi programlanm\u0131\u015f","inLanguage":"tr","potentialAction":[{"@type":"ReadAction","target":["https:\/\/peyamigurel.com\/"]}]},{"@type":"ImageObject","inLanguage":"tr","@id":"https:\/\/peyamigurel.com\/#primaryimage","url":"https:\/\/peyamigurel.com\/wp-content\/uploads\/peyami-gurel-home-01.jpg","contentUrl":"https:\/\/peyamigurel.com\/wp-content\/uploads\/peyami-gurel-home-01.jpg","width":1417,"height":852},{"@type":"WebSite","@id":"https:\/\/peyamigurel.com\/#website","url":"https:\/\/peyamigurel.com\/","name":"Peyami G\u00fcrel","description":"","publisher":{"@id":"https:\/\/peyamigurel.com\/#\/schema\/person\/b62965aa15e2284090d2f7a61bf8e3cf"},"potentialAction":[{"@type":"SearchAction","target":{"@type":"EntryPoint","urlTemplate":"https:\/\/peyamigurel.com\/?s={search_term_string}"},"query-input":{"@type":"PropertyValueSpecification","valueRequired":true,"valueName":"search_term_string"}}],"inLanguage":"tr"},{"@type":["Person","Organization"],"@id":"https:\/\/peyamigurel.com\/#\/schema\/person\/b62965aa15e2284090d2f7a61bf8e3cf","name":"peyami","image":{"@type":"ImageObject","inLanguage":"tr","@id":"https:\/\/peyamigurel.com\/wp-content\/uploads\/cropped-peyami-gurel-logo021-4.png","url":"https:\/\/peyamigurel.com\/wp-content\/uploads\/cropped-peyami-gurel-logo021-4.png","contentUrl":"https:\/\/peyamigurel.com\/wp-content\/uploads\/cropped-peyami-gurel-logo021-4.png","width":423,"height":124,"caption":"peyami"},"logo":{"@id":"https:\/\/peyamigurel.com\/wp-content\/uploads\/cropped-peyami-gurel-logo021-4.png"},"sameAs":["https:\/\/www.instagram.com\/peyamigurel"]}]}},"_links":{"self":[{"href":"https:\/\/peyamigurel.com\/index.php\/wp-json\/wp\/v2\/pages\/2651","targetHints":{"allow":["GET"]}}],"collection":[{"href":"https:\/\/peyamigurel.com\/index.php\/wp-json\/wp\/v2\/pages"}],"about":[{"href":"https:\/\/peyamigurel.com\/index.php\/wp-json\/wp\/v2\/types\/page"}],"author":[{"embeddable":true,"href":"https:\/\/peyamigurel.com\/index.php\/wp-json\/wp\/v2\/users\/1"}],"replies":[{"embeddable":true,"href":"https:\/\/peyamigurel.com\/index.php\/wp-json\/wp\/v2\/comments?post=2651"}],"version-history":[{"count":77,"href":"https:\/\/peyamigurel.com\/index.php\/wp-json\/wp\/v2\/pages\/2651\/revisions"}],"predecessor-version":[{"id":14537,"href":"https:\/\/peyamigurel.com\/index.php\/wp-json\/wp\/v2\/pages\/2651\/revisions\/14537"}],"wp:attachment":[{"href":"https:\/\/peyamigurel.com\/index.php\/wp-json\/wp\/v2\/media?parent=2651"}],"curies":[{"name":"wp","href":"https:\/\/api.w.org\/{rel}","templated":true}]}}